
{"id":9895,"date":"2023-05-04T16:09:07","date_gmt":"2023-05-04T16:09:07","guid":{"rendered":"https:\/\/bracarvfv.foguetao-maquetes.pt\/wp\/produto\/volkswagen-golf-ii-19e-1g1-83-92-22\/"},"modified":"2023-05-08T16:20:08","modified_gmt":"2023-05-08T16:20:08","slug":"volkswagen-golf-ii-19e-1g1-83-92-22","status":"publish","type":"product","link":"https:\/\/bracarvfv.foguetao-maquetes.pt\/wp\/produto\/volkswagen-golf-ii-19e-1g1-83-92-22\/","title":{"rendered":"Suspens\u00e3o Tr\u00e1s Dto &#8211; VOLKSWAGEN GOLF II (19E, 1G1) | 83 &#8211; 92"},"content":{"rendered":"<p>Suspens\u00e3o Tr\u00e1s Dto &#8211; VOLKSWAGEN GOLF II (19E, 1G1) | 83 &#8211; 92<br \/>Diesel<br \/>1983<\/p>\n","protected":false},"excerpt":{"rendered":"<p>Suspens\u00e3o Tr\u00e1s Dto &#8211; VOLKSWAGEN GOLF II (19E, 1G1) | 83 &#8211; 92<br \/>Diesel<br \/>1983<\/p>\n","protected":false},"featured_media":0,"comment_status":"open","ping_status":"closed","template":"","meta":[],"product_cat":[26],"product_tag":[76,27,103,52],"class_list":["post-9895","product","type-product","status-publish","hentry","product_cat-pecas","product_tag-76","product_tag-diesel","product_tag-usado","product_tag-volkswagen"],"_links":{"self":[{"href":"https:\/\/bracarvfv.foguetao-maquetes.pt\/wp\/wp-json\/wp\/v2\/product\/9895","targetHints":{"allow":["GET"]}}],"collection":[{"href":"https:\/\/bracarvfv.foguetao-maquetes.pt\/wp\/wp-json\/wp\/v2\/product"}],"about":[{"href":"https:\/\/bracarvfv.foguetao-maquetes.pt\/wp\/wp-json\/wp\/v2\/types\/product"}],"replies":[{"embeddable":true,"href":"https:\/\/bracarvfv.foguetao-maquetes.pt\/wp\/wp-json\/wp\/v2\/comments?post=9895"}],"wp:attachment":[{"href":"https:\/\/bracarvfv.foguetao-maquetes.pt\/wp\/wp-json\/wp\/v2\/media?parent=9895"}],"wp:term":[{"taxonomy":"product_cat","embeddable":true,"href":"https:\/\/bracarvfv.foguetao-maquetes.pt\/wp\/wp-json\/wp\/v2\/product_cat?post=9895"},{"taxonomy":"product_tag","embeddable":true,"href":"https:\/\/bracarvfv.foguetao-maquetes.pt\/wp\/wp-json\/wp\/v2\/product_tag?post=9895"}],"curies":[{"name":"wp","href":"https:\/\/api.w.org\/{rel}","templated":true}]}}