
{"id":9794,"date":"2023-05-04T16:08:46","date_gmt":"2023-05-04T16:08:46","guid":{"rendered":"https:\/\/bracarvfv.foguetao-maquetes.pt\/wp\/produto\/volkswagen-passat-3c2-05-10-5\/"},"modified":"2023-05-08T16:19:48","modified_gmt":"2023-05-08T16:19:48","slug":"volkswagen-passat-3c2-05-10-5","status":"publish","type":"product","link":"https:\/\/bracarvfv.foguetao-maquetes.pt\/wp\/produto\/volkswagen-passat-3c2-05-10-5\/","title":{"rendered":"Caixa de Direc\u00e7\u00e3o &#8211; VOLKSWAGEN PASSAT (3C2) | 05 &#8211; 10"},"content":{"rendered":"<p>Caixa de Direc\u00e7\u00e3o &#8211; VOLKSWAGEN PASSAT (3C2) | 05 &#8211; 10<br \/>2005<\/p>\n","protected":false},"excerpt":{"rendered":"<p>Caixa de Direc\u00e7\u00e3o &#8211; VOLKSWAGEN PASSAT (3C2) | 05 &#8211; 10<br \/>2005<\/p>\n","protected":false},"featured_media":0,"comment_status":"open","ping_status":"closed","template":"","meta":[],"product_cat":[26],"product_tag":[39,103,52],"class_list":["post-9794","product","type-product","status-publish","hentry","product_cat-pecas","product_tag-39","product_tag-usado","product_tag-volkswagen"],"_links":{"self":[{"href":"https:\/\/bracarvfv.foguetao-maquetes.pt\/wp\/wp-json\/wp\/v2\/product\/9794","targetHints":{"allow":["GET"]}}],"collection":[{"href":"https:\/\/bracarvfv.foguetao-maquetes.pt\/wp\/wp-json\/wp\/v2\/product"}],"about":[{"href":"https:\/\/bracarvfv.foguetao-maquetes.pt\/wp\/wp-json\/wp\/v2\/types\/product"}],"replies":[{"embeddable":true,"href":"https:\/\/bracarvfv.foguetao-maquetes.pt\/wp\/wp-json\/wp\/v2\/comments?post=9794"}],"wp:attachment":[{"href":"https:\/\/bracarvfv.foguetao-maquetes.pt\/wp\/wp-json\/wp\/v2\/media?parent=9794"}],"wp:term":[{"taxonomy":"product_cat","embeddable":true,"href":"https:\/\/bracarvfv.foguetao-maquetes.pt\/wp\/wp-json\/wp\/v2\/product_cat?post=9794"},{"taxonomy":"product_tag","embeddable":true,"href":"https:\/\/bracarvfv.foguetao-maquetes.pt\/wp\/wp-json\/wp\/v2\/product_tag?post=9794"}],"curies":[{"name":"wp","href":"https:\/\/api.w.org\/{rel}","templated":true}]}}