
{"id":9779,"date":"2023-05-04T16:08:44","date_gmt":"2023-05-04T16:08:44","guid":{"rendered":"https:\/\/bracarvfv.foguetao-maquetes.pt\/wp\/produto\/toyota-corolla-_e11_-97-02-75\/"},"modified":"2023-05-08T16:19:38","modified_gmt":"2023-05-08T16:19:38","slug":"toyota-corolla-_e11_-97-02-75","status":"publish","type":"product","link":"https:\/\/bracarvfv.foguetao-maquetes.pt\/wp\/produto\/toyota-corolla-_e11_-97-02-75\/","title":{"rendered":"Bomba Direc\u00e7\u00e3o Assistida &#8211; TOYOTA COROLLA (_E11_) | 97 &#8211; 02"},"content":{"rendered":"<p>Bomba Direc\u00e7\u00e3o Assistida &#8211; TOYOTA COROLLA (_E11_) | 97 &#8211; 02<br \/>1997<\/p>\n","protected":false},"excerpt":{"rendered":"<p>Bomba Direc\u00e7\u00e3o Assistida &#8211; TOYOTA COROLLA (_E11_) | 97 &#8211; 02<br \/>1997<\/p>\n","protected":false},"featured_media":0,"comment_status":"open","ping_status":"closed","template":"","meta":[],"product_cat":[26],"product_tag":[46,69,103],"class_list":["post-9779","product","type-product","status-publish","hentry","product_cat-pecas","product_tag-46","product_tag-toyota","product_tag-usado"],"_links":{"self":[{"href":"https:\/\/bracarvfv.foguetao-maquetes.pt\/wp\/wp-json\/wp\/v2\/product\/9779","targetHints":{"allow":["GET"]}}],"collection":[{"href":"https:\/\/bracarvfv.foguetao-maquetes.pt\/wp\/wp-json\/wp\/v2\/product"}],"about":[{"href":"https:\/\/bracarvfv.foguetao-maquetes.pt\/wp\/wp-json\/wp\/v2\/types\/product"}],"replies":[{"embeddable":true,"href":"https:\/\/bracarvfv.foguetao-maquetes.pt\/wp\/wp-json\/wp\/v2\/comments?post=9779"}],"wp:attachment":[{"href":"https:\/\/bracarvfv.foguetao-maquetes.pt\/wp\/wp-json\/wp\/v2\/media?parent=9779"}],"wp:term":[{"taxonomy":"product_cat","embeddable":true,"href":"https:\/\/bracarvfv.foguetao-maquetes.pt\/wp\/wp-json\/wp\/v2\/product_cat?post=9779"},{"taxonomy":"product_tag","embeddable":true,"href":"https:\/\/bracarvfv.foguetao-maquetes.pt\/wp\/wp-json\/wp\/v2\/product_tag?post=9779"}],"curies":[{"name":"wp","href":"https:\/\/api.w.org\/{rel}","templated":true}]}}