
{"id":9460,"date":"2023-05-04T16:07:57","date_gmt":"2023-05-04T16:07:57","guid":{"rendered":"https:\/\/bracarvfv.foguetao-maquetes.pt\/wp\/produto\/opel-astra-g-hatchback-t98-98-09-81\/"},"modified":"2023-05-08T16:18:29","modified_gmt":"2023-05-08T16:18:29","slug":"opel-astra-g-hatchback-t98-98-09-81","status":"publish","type":"product","link":"https:\/\/bracarvfv.foguetao-maquetes.pt\/wp\/produto\/opel-astra-g-hatchback-t98-98-09-81\/","title":{"rendered":"Bomba Direc\u00e7\u00e3o Assistida &#8211; OPEL ASTRA G Hatchback (T98) | 98 &#8211; 09"},"content":{"rendered":"<p>Bomba Direc\u00e7\u00e3o Assistida &#8211; OPEL ASTRA G Hatchback (T98) | 98 &#8211; 09<br \/>Diesel<br \/>1998<\/p>\n","protected":false},"excerpt":{"rendered":"<p>Bomba Direc\u00e7\u00e3o Assistida &#8211; OPEL ASTRA G Hatchback (T98) | 98 &#8211; 09<br \/>Diesel<br \/>1998<\/p>\n","protected":false},"featured_media":0,"comment_status":"open","ping_status":"closed","template":"","meta":[],"product_cat":[26],"product_tag":[44,27,38,103],"class_list":["post-9460","product","type-product","status-publish","hentry","product_cat-pecas","product_tag-44","product_tag-diesel","product_tag-opel","product_tag-usado"],"_links":{"self":[{"href":"https:\/\/bracarvfv.foguetao-maquetes.pt\/wp\/wp-json\/wp\/v2\/product\/9460","targetHints":{"allow":["GET"]}}],"collection":[{"href":"https:\/\/bracarvfv.foguetao-maquetes.pt\/wp\/wp-json\/wp\/v2\/product"}],"about":[{"href":"https:\/\/bracarvfv.foguetao-maquetes.pt\/wp\/wp-json\/wp\/v2\/types\/product"}],"replies":[{"embeddable":true,"href":"https:\/\/bracarvfv.foguetao-maquetes.pt\/wp\/wp-json\/wp\/v2\/comments?post=9460"}],"wp:attachment":[{"href":"https:\/\/bracarvfv.foguetao-maquetes.pt\/wp\/wp-json\/wp\/v2\/media?parent=9460"}],"wp:term":[{"taxonomy":"product_cat","embeddable":true,"href":"https:\/\/bracarvfv.foguetao-maquetes.pt\/wp\/wp-json\/wp\/v2\/product_cat?post=9460"},{"taxonomy":"product_tag","embeddable":true,"href":"https:\/\/bracarvfv.foguetao-maquetes.pt\/wp\/wp-json\/wp\/v2\/product_tag?post=9460"}],"curies":[{"name":"wp","href":"https:\/\/api.w.org\/{rel}","templated":true}]}}