
{"id":9105,"date":"2023-05-04T16:07:00","date_gmt":"2023-05-04T16:07:00","guid":{"rendered":"https:\/\/bracarvfv.foguetao-maquetes.pt\/wp\/produto\/seat-cordoba-6k1-6k2-93-02-57\/"},"modified":"2023-05-08T16:17:09","modified_gmt":"2023-05-08T16:17:09","slug":"seat-cordoba-6k1-6k2-93-02-57","status":"publish","type":"product","link":"https:\/\/bracarvfv.foguetao-maquetes.pt\/wp\/produto\/seat-cordoba-6k1-6k2-93-02-57\/","title":{"rendered":"Bra\u00e7o suspens\u00e3o esq &#8211; SEAT CORDOBA (6K1, 6K2) | 93 &#8211; 02"},"content":{"rendered":"<p>Bra\u00e7o suspens\u00e3o esq &#8211; SEAT CORDOBA (6K1, 6K2) | 93 &#8211; 02<br \/>Gasoline<br \/>1993<\/p>\n","protected":false},"excerpt":{"rendered":"<p>Bra\u00e7o suspens\u00e3o esq &#8211; SEAT CORDOBA (6K1, 6K2) | 93 &#8211; 02<br \/>Gasoline<br \/>1993<\/p>\n","protected":false},"featured_media":0,"comment_status":"open","ping_status":"closed","template":"","meta":[],"product_cat":[26],"product_tag":[50,41,55,103],"class_list":["post-9105","product","type-product","status-publish","hentry","product_cat-pecas","product_tag-50","product_tag-gasoline","product_tag-seat","product_tag-usado"],"_links":{"self":[{"href":"https:\/\/bracarvfv.foguetao-maquetes.pt\/wp\/wp-json\/wp\/v2\/product\/9105","targetHints":{"allow":["GET"]}}],"collection":[{"href":"https:\/\/bracarvfv.foguetao-maquetes.pt\/wp\/wp-json\/wp\/v2\/product"}],"about":[{"href":"https:\/\/bracarvfv.foguetao-maquetes.pt\/wp\/wp-json\/wp\/v2\/types\/product"}],"replies":[{"embeddable":true,"href":"https:\/\/bracarvfv.foguetao-maquetes.pt\/wp\/wp-json\/wp\/v2\/comments?post=9105"}],"wp:attachment":[{"href":"https:\/\/bracarvfv.foguetao-maquetes.pt\/wp\/wp-json\/wp\/v2\/media?parent=9105"}],"wp:term":[{"taxonomy":"product_cat","embeddable":true,"href":"https:\/\/bracarvfv.foguetao-maquetes.pt\/wp\/wp-json\/wp\/v2\/product_cat?post=9105"},{"taxonomy":"product_tag","embeddable":true,"href":"https:\/\/bracarvfv.foguetao-maquetes.pt\/wp\/wp-json\/wp\/v2\/product_tag?post=9105"}],"curies":[{"name":"wp","href":"https:\/\/api.w.org\/{rel}","templated":true}]}}