
{"id":9072,"date":"2023-05-04T16:06:56","date_gmt":"2023-05-04T16:06:56","guid":{"rendered":"https:\/\/bracarvfv.foguetao-maquetes.pt\/wp\/produto\/toyota-corolla-_e9_-87-94-86\/"},"modified":"2023-05-08T16:17:03","modified_gmt":"2023-05-08T16:17:03","slug":"toyota-corolla-_e9_-87-94-86","status":"publish","type":"product","link":"https:\/\/bracarvfv.foguetao-maquetes.pt\/wp\/produto\/toyota-corolla-_e9_-87-94-86\/","title":{"rendered":"Bra\u00e7o suspens\u00e3o esq &#8211; TOYOTA COROLLA (_E9_) | 87 &#8211; 94"},"content":{"rendered":"<p>Bra\u00e7o suspens\u00e3o esq &#8211; TOYOTA COROLLA (_E9_) | 87 &#8211; 94<br \/>1987<\/p>\n","protected":false},"excerpt":{"rendered":"<p>Bra\u00e7o suspens\u00e3o esq &#8211; TOYOTA COROLLA (_E9_) | 87 &#8211; 94<br \/>1987<\/p>\n","protected":false},"featured_media":0,"comment_status":"open","ping_status":"closed","template":"","meta":[],"product_cat":[26],"product_tag":[74,69,103],"class_list":["post-9072","product","type-product","status-publish","hentry","product_cat-pecas","product_tag-74","product_tag-toyota","product_tag-usado"],"_links":{"self":[{"href":"https:\/\/bracarvfv.foguetao-maquetes.pt\/wp\/wp-json\/wp\/v2\/product\/9072","targetHints":{"allow":["GET"]}}],"collection":[{"href":"https:\/\/bracarvfv.foguetao-maquetes.pt\/wp\/wp-json\/wp\/v2\/product"}],"about":[{"href":"https:\/\/bracarvfv.foguetao-maquetes.pt\/wp\/wp-json\/wp\/v2\/types\/product"}],"replies":[{"embeddable":true,"href":"https:\/\/bracarvfv.foguetao-maquetes.pt\/wp\/wp-json\/wp\/v2\/comments?post=9072"}],"wp:attachment":[{"href":"https:\/\/bracarvfv.foguetao-maquetes.pt\/wp\/wp-json\/wp\/v2\/media?parent=9072"}],"wp:term":[{"taxonomy":"product_cat","embeddable":true,"href":"https:\/\/bracarvfv.foguetao-maquetes.pt\/wp\/wp-json\/wp\/v2\/product_cat?post=9072"},{"taxonomy":"product_tag","embeddable":true,"href":"https:\/\/bracarvfv.foguetao-maquetes.pt\/wp\/wp-json\/wp\/v2\/product_tag?post=9072"}],"curies":[{"name":"wp","href":"https:\/\/api.w.org\/{rel}","templated":true}]}}