
{"id":9066,"date":"2023-05-04T16:06:55","date_gmt":"2023-05-04T16:06:55","guid":{"rendered":"https:\/\/bracarvfv.foguetao-maquetes.pt\/wp\/produto\/fiat-punto-176_-93-99-345\/"},"modified":"2023-05-08T16:17:02","modified_gmt":"2023-05-08T16:17:02","slug":"fiat-punto-176_-93-99-345","status":"publish","type":"product","link":"https:\/\/bracarvfv.foguetao-maquetes.pt\/wp\/produto\/fiat-punto-176_-93-99-345\/","title":{"rendered":"Canh\u00e3o Igni\u00e7\u00e3o &#8211; FIAT PUNTO (176_) | 93 &#8211; 99"},"content":{"rendered":"<p>Canh\u00e3o Igni\u00e7\u00e3o &#8211; FIAT PUNTO (176_) | 93 &#8211; 99<br \/>Gasoline<br \/>1993<\/p>\n","protected":false},"excerpt":{"rendered":"<p>Canh\u00e3o Igni\u00e7\u00e3o &#8211; FIAT PUNTO (176_) | 93 &#8211; 99<br \/>Gasoline<br \/>1993<\/p>\n","protected":false},"featured_media":0,"comment_status":"open","ping_status":"closed","template":"","meta":[],"product_cat":[26],"product_tag":[50,73,41,103],"class_list":["post-9066","product","type-product","status-publish","hentry","product_cat-pecas","product_tag-50","product_tag-fiat","product_tag-gasoline","product_tag-usado"],"_links":{"self":[{"href":"https:\/\/bracarvfv.foguetao-maquetes.pt\/wp\/wp-json\/wp\/v2\/product\/9066","targetHints":{"allow":["GET"]}}],"collection":[{"href":"https:\/\/bracarvfv.foguetao-maquetes.pt\/wp\/wp-json\/wp\/v2\/product"}],"about":[{"href":"https:\/\/bracarvfv.foguetao-maquetes.pt\/wp\/wp-json\/wp\/v2\/types\/product"}],"replies":[{"embeddable":true,"href":"https:\/\/bracarvfv.foguetao-maquetes.pt\/wp\/wp-json\/wp\/v2\/comments?post=9066"}],"wp:attachment":[{"href":"https:\/\/bracarvfv.foguetao-maquetes.pt\/wp\/wp-json\/wp\/v2\/media?parent=9066"}],"wp:term":[{"taxonomy":"product_cat","embeddable":true,"href":"https:\/\/bracarvfv.foguetao-maquetes.pt\/wp\/wp-json\/wp\/v2\/product_cat?post=9066"},{"taxonomy":"product_tag","embeddable":true,"href":"https:\/\/bracarvfv.foguetao-maquetes.pt\/wp\/wp-json\/wp\/v2\/product_tag?post=9066"}],"curies":[{"name":"wp","href":"https:\/\/api.w.org\/{rel}","templated":true}]}}