
{"id":8980,"date":"2023-05-04T16:06:38","date_gmt":"2023-05-04T16:06:38","guid":{"rendered":"https:\/\/bracarvfv.foguetao-maquetes.pt\/wp\/produto\/alfa-romeo-145-930_-94-01-16\/"},"modified":"2023-05-08T16:16:39","modified_gmt":"2023-05-08T16:16:39","slug":"alfa-romeo-145-930_-94-01-16","status":"publish","type":"product","link":"https:\/\/bracarvfv.foguetao-maquetes.pt\/wp\/produto\/alfa-romeo-145-930_-94-01-16\/","title":{"rendered":"Caixa de Direc\u00e7\u00e3o &#8211; ALFA ROMEO 145 (930_) | 94 &#8211; 01"},"content":{"rendered":"<p>Caixa de Direc\u00e7\u00e3o &#8211; ALFA ROMEO 145 (930_) | 94 &#8211; 01<br \/>Gasoline<br \/>1994<\/p>\n","protected":false},"excerpt":{"rendered":"<p>Caixa de Direc\u00e7\u00e3o &#8211; ALFA ROMEO 145 (930_) | 94 &#8211; 01<br \/>Gasoline<br \/>1994<\/p>\n","protected":false},"featured_media":0,"comment_status":"open","ping_status":"closed","template":"","meta":[],"product_cat":[26],"product_tag":[48,64,41,103],"class_list":["post-8980","product","type-product","status-publish","hentry","product_cat-pecas","product_tag-48","product_tag-alfa-romeo","product_tag-gasoline","product_tag-usado"],"_links":{"self":[{"href":"https:\/\/bracarvfv.foguetao-maquetes.pt\/wp\/wp-json\/wp\/v2\/product\/8980","targetHints":{"allow":["GET"]}}],"collection":[{"href":"https:\/\/bracarvfv.foguetao-maquetes.pt\/wp\/wp-json\/wp\/v2\/product"}],"about":[{"href":"https:\/\/bracarvfv.foguetao-maquetes.pt\/wp\/wp-json\/wp\/v2\/types\/product"}],"replies":[{"embeddable":true,"href":"https:\/\/bracarvfv.foguetao-maquetes.pt\/wp\/wp-json\/wp\/v2\/comments?post=8980"}],"wp:attachment":[{"href":"https:\/\/bracarvfv.foguetao-maquetes.pt\/wp\/wp-json\/wp\/v2\/media?parent=8980"}],"wp:term":[{"taxonomy":"product_cat","embeddable":true,"href":"https:\/\/bracarvfv.foguetao-maquetes.pt\/wp\/wp-json\/wp\/v2\/product_cat?post=8980"},{"taxonomy":"product_tag","embeddable":true,"href":"https:\/\/bracarvfv.foguetao-maquetes.pt\/wp\/wp-json\/wp\/v2\/product_tag?post=8980"}],"curies":[{"name":"wp","href":"https:\/\/api.w.org\/{rel}","templated":true}]}}