
{"id":7721,"date":"2023-05-04T16:03:34","date_gmt":"2023-05-04T16:03:34","guid":{"rendered":"https:\/\/bracarvfv.foguetao-maquetes.pt\/wp\/produto\/audi-a4-8d2-b5-94-01-53\/"},"modified":"2023-05-08T16:11:55","modified_gmt":"2023-05-08T16:11:55","slug":"audi-a4-8d2-b5-94-01-53","status":"publish","type":"product","link":"https:\/\/bracarvfv.foguetao-maquetes.pt\/wp\/produto\/audi-a4-8d2-b5-94-01-53\/","title":{"rendered":"Bra\u00e7o suspens\u00e3o esq &#8211; AUDI A4 (8D2, B5) | 94 &#8211; 01"},"content":{"rendered":"<p>Bra\u00e7o suspens\u00e3o esq &#8211; AUDI A4 (8D2, B5) | 94 &#8211; 01<br \/>Gasoline<br \/>1994<\/p>\n","protected":false},"excerpt":{"rendered":"<p>Bra\u00e7o suspens\u00e3o esq &#8211; AUDI A4 (8D2, B5) | 94 &#8211; 01<br \/>Gasoline<br \/>1994<\/p>\n","protected":false},"featured_media":0,"comment_status":"open","ping_status":"closed","template":"","meta":[],"product_cat":[26],"product_tag":[48,29,41,103],"class_list":["post-7721","product","type-product","status-publish","hentry","product_cat-pecas","product_tag-48","product_tag-audi","product_tag-gasoline","product_tag-usado"],"_links":{"self":[{"href":"https:\/\/bracarvfv.foguetao-maquetes.pt\/wp\/wp-json\/wp\/v2\/product\/7721","targetHints":{"allow":["GET"]}}],"collection":[{"href":"https:\/\/bracarvfv.foguetao-maquetes.pt\/wp\/wp-json\/wp\/v2\/product"}],"about":[{"href":"https:\/\/bracarvfv.foguetao-maquetes.pt\/wp\/wp-json\/wp\/v2\/types\/product"}],"replies":[{"embeddable":true,"href":"https:\/\/bracarvfv.foguetao-maquetes.pt\/wp\/wp-json\/wp\/v2\/comments?post=7721"}],"wp:attachment":[{"href":"https:\/\/bracarvfv.foguetao-maquetes.pt\/wp\/wp-json\/wp\/v2\/media?parent=7721"}],"wp:term":[{"taxonomy":"product_cat","embeddable":true,"href":"https:\/\/bracarvfv.foguetao-maquetes.pt\/wp\/wp-json\/wp\/v2\/product_cat?post=7721"},{"taxonomy":"product_tag","embeddable":true,"href":"https:\/\/bracarvfv.foguetao-maquetes.pt\/wp\/wp-json\/wp\/v2\/product_tag?post=7721"}],"curies":[{"name":"wp","href":"https:\/\/api.w.org\/{rel}","templated":true}]}}