
{"id":7707,"date":"2023-05-04T16:03:32","date_gmt":"2023-05-04T16:03:32","guid":{"rendered":"https:\/\/bracarvfv.foguetao-maquetes.pt\/wp\/produto\/citroen-saxo-s0-s1-96-04-57\/"},"modified":"2023-05-08T16:11:52","modified_gmt":"2023-05-08T16:11:52","slug":"citroen-saxo-s0-s1-96-04-57","status":"publish","type":"product","link":"https:\/\/bracarvfv.foguetao-maquetes.pt\/wp\/produto\/citroen-saxo-s0-s1-96-04-57\/","title":{"rendered":"Caixa de Direc\u00e7\u00e3o &#8211; CITRO\u00cbN SAXO (S0, S1) | 96 &#8211; 04"},"content":{"rendered":"<p>Caixa de Direc\u00e7\u00e3o &#8211; CITRO\u00cbN SAXO (S0, S1) | 96 &#8211; 04<br \/>Gasoline<br \/>1996<\/p>\n","protected":false},"excerpt":{"rendered":"<p>Caixa de Direc\u00e7\u00e3o &#8211; CITRO\u00cbN SAXO (S0, S1) | 96 &#8211; 04<br \/>Gasoline<br \/>1996<\/p>\n","protected":false},"featured_media":0,"comment_status":"open","ping_status":"closed","template":"","meta":[],"product_cat":[26],"product_tag":[36,35,41,103],"class_list":["post-7707","product","type-product","status-publish","hentry","product_cat-pecas","product_tag-36","product_tag-citroen","product_tag-gasoline","product_tag-usado"],"_links":{"self":[{"href":"https:\/\/bracarvfv.foguetao-maquetes.pt\/wp\/wp-json\/wp\/v2\/product\/7707","targetHints":{"allow":["GET"]}}],"collection":[{"href":"https:\/\/bracarvfv.foguetao-maquetes.pt\/wp\/wp-json\/wp\/v2\/product"}],"about":[{"href":"https:\/\/bracarvfv.foguetao-maquetes.pt\/wp\/wp-json\/wp\/v2\/types\/product"}],"replies":[{"embeddable":true,"href":"https:\/\/bracarvfv.foguetao-maquetes.pt\/wp\/wp-json\/wp\/v2\/comments?post=7707"}],"wp:attachment":[{"href":"https:\/\/bracarvfv.foguetao-maquetes.pt\/wp\/wp-json\/wp\/v2\/media?parent=7707"}],"wp:term":[{"taxonomy":"product_cat","embeddable":true,"href":"https:\/\/bracarvfv.foguetao-maquetes.pt\/wp\/wp-json\/wp\/v2\/product_cat?post=7707"},{"taxonomy":"product_tag","embeddable":true,"href":"https:\/\/bracarvfv.foguetao-maquetes.pt\/wp\/wp-json\/wp\/v2\/product_tag?post=7707"}],"curies":[{"name":"wp","href":"https:\/\/api.w.org\/{rel}","templated":true}]}}