
{"id":7549,"date":"2023-05-04T16:03:09","date_gmt":"2023-05-04T16:03:09","guid":{"rendered":"https:\/\/bracarvfv.foguetao-maquetes.pt\/wp\/produto\/renault-clio-ii-bb_-cb_-98-159\/"},"modified":"2023-05-08T16:11:16","modified_gmt":"2023-05-08T16:11:16","slug":"renault-clio-ii-bb_-cb_-98-159","status":"publish","type":"product","link":"https:\/\/bracarvfv.foguetao-maquetes.pt\/wp\/produto\/renault-clio-ii-bb_-cb_-98-159\/","title":{"rendered":"Bra\u00e7o suspens\u00e3o drt &#8211; RENAULT CLIO II (BB_, CB_) | 98 &#8211;"},"content":{"rendered":"<p>Bra\u00e7o suspens\u00e3o drt &#8211; RENAULT CLIO II (BB_, CB_) | 98 &#8211; <br \/>Gasoline<br \/>1998<\/p>\n","protected":false},"excerpt":{"rendered":"<p>Bra\u00e7o suspens\u00e3o drt &#8211; RENAULT CLIO II (BB_, CB_) | 98 &#8211; <br \/>Gasoline<br \/>1998<\/p>\n","protected":false},"featured_media":0,"comment_status":"open","ping_status":"closed","template":"","meta":[],"product_cat":[26],"product_tag":[44,41,31,103],"class_list":["post-7549","product","type-product","status-publish","hentry","product_cat-pecas","product_tag-44","product_tag-gasoline","product_tag-renault","product_tag-usado"],"_links":{"self":[{"href":"https:\/\/bracarvfv.foguetao-maquetes.pt\/wp\/wp-json\/wp\/v2\/product\/7549","targetHints":{"allow":["GET"]}}],"collection":[{"href":"https:\/\/bracarvfv.foguetao-maquetes.pt\/wp\/wp-json\/wp\/v2\/product"}],"about":[{"href":"https:\/\/bracarvfv.foguetao-maquetes.pt\/wp\/wp-json\/wp\/v2\/types\/product"}],"replies":[{"embeddable":true,"href":"https:\/\/bracarvfv.foguetao-maquetes.pt\/wp\/wp-json\/wp\/v2\/comments?post=7549"}],"wp:attachment":[{"href":"https:\/\/bracarvfv.foguetao-maquetes.pt\/wp\/wp-json\/wp\/v2\/media?parent=7549"}],"wp:term":[{"taxonomy":"product_cat","embeddable":true,"href":"https:\/\/bracarvfv.foguetao-maquetes.pt\/wp\/wp-json\/wp\/v2\/product_cat?post=7549"},{"taxonomy":"product_tag","embeddable":true,"href":"https:\/\/bracarvfv.foguetao-maquetes.pt\/wp\/wp-json\/wp\/v2\/product_tag?post=7549"}],"curies":[{"name":"wp","href":"https:\/\/api.w.org\/{rel}","templated":true}]}}