
{"id":7405,"date":"2023-05-04T16:02:46","date_gmt":"2023-05-04T16:02:46","guid":{"rendered":"https:\/\/bracarvfv.foguetao-maquetes.pt\/wp\/produto\/opel-corsa-d-van-s07-06-14-14\/"},"modified":"2023-05-08T16:10:48","modified_gmt":"2023-05-08T16:10:48","slug":"opel-corsa-d-van-s07-06-14-14","status":"publish","type":"product","link":"https:\/\/bracarvfv.foguetao-maquetes.pt\/wp\/produto\/opel-corsa-d-van-s07-06-14-14\/","title":{"rendered":"Coluna dire\u00e7\u00e3o &#8211; OPEL CORSA D Van (S07) | 06 &#8211; 14"},"content":{"rendered":"<p>Coluna dire\u00e7\u00e3o &#8211; OPEL CORSA D Van (S07) | 06 &#8211; 14<br \/>2006<\/p>\n","protected":false},"excerpt":{"rendered":"<p>Coluna dire\u00e7\u00e3o &#8211; OPEL CORSA D Van (S07) | 06 &#8211; 14<br \/>2006<\/p>\n","protected":false},"featured_media":0,"comment_status":"open","ping_status":"closed","template":"","meta":[],"product_cat":[26],"product_tag":[70,38,103],"class_list":["post-7405","product","type-product","status-publish","hentry","product_cat-pecas","product_tag-70","product_tag-opel","product_tag-usado"],"_links":{"self":[{"href":"https:\/\/bracarvfv.foguetao-maquetes.pt\/wp\/wp-json\/wp\/v2\/product\/7405","targetHints":{"allow":["GET"]}}],"collection":[{"href":"https:\/\/bracarvfv.foguetao-maquetes.pt\/wp\/wp-json\/wp\/v2\/product"}],"about":[{"href":"https:\/\/bracarvfv.foguetao-maquetes.pt\/wp\/wp-json\/wp\/v2\/types\/product"}],"replies":[{"embeddable":true,"href":"https:\/\/bracarvfv.foguetao-maquetes.pt\/wp\/wp-json\/wp\/v2\/comments?post=7405"}],"wp:attachment":[{"href":"https:\/\/bracarvfv.foguetao-maquetes.pt\/wp\/wp-json\/wp\/v2\/media?parent=7405"}],"wp:term":[{"taxonomy":"product_cat","embeddable":true,"href":"https:\/\/bracarvfv.foguetao-maquetes.pt\/wp\/wp-json\/wp\/v2\/product_cat?post=7405"},{"taxonomy":"product_tag","embeddable":true,"href":"https:\/\/bracarvfv.foguetao-maquetes.pt\/wp\/wp-json\/wp\/v2\/product_tag?post=7405"}],"curies":[{"name":"wp","href":"https:\/\/api.w.org\/{rel}","templated":true}]}}