
{"id":7147,"date":"2023-05-04T16:02:12","date_gmt":"2023-05-04T16:02:12","guid":{"rendered":"https:\/\/bracarvfv.foguetao-maquetes.pt\/wp\/produto\/nissan-pick-up-d22-97-9\/"},"modified":"2023-05-08T16:09:42","modified_gmt":"2023-05-08T16:09:42","slug":"nissan-pick-up-d22-97-9","status":"publish","type":"product","link":"https:\/\/bracarvfv.foguetao-maquetes.pt\/wp\/produto\/nissan-pick-up-d22-97-9\/","title":{"rendered":"Coluna dire\u00e7\u00e3o &#8211; NISSAN PICK UP (D22) | 97 &#8211;"},"content":{"rendered":"<p>Coluna dire\u00e7\u00e3o &#8211; NISSAN PICK UP (D22) | 97 &#8211; <br \/>Diesel<br \/>1997<\/p>\n","protected":false},"excerpt":{"rendered":"<p>Coluna dire\u00e7\u00e3o &#8211; NISSAN PICK UP (D22) | 97 &#8211; <br \/>Diesel<br \/>1997<\/p>\n","protected":false},"featured_media":0,"comment_status":"open","ping_status":"closed","template":"","meta":[],"product_cat":[26],"product_tag":[46,27,66,103],"class_list":["post-7147","product","type-product","status-publish","hentry","product_cat-pecas","product_tag-46","product_tag-diesel","product_tag-nissan","product_tag-usado"],"_links":{"self":[{"href":"https:\/\/bracarvfv.foguetao-maquetes.pt\/wp\/wp-json\/wp\/v2\/product\/7147","targetHints":{"allow":["GET"]}}],"collection":[{"href":"https:\/\/bracarvfv.foguetao-maquetes.pt\/wp\/wp-json\/wp\/v2\/product"}],"about":[{"href":"https:\/\/bracarvfv.foguetao-maquetes.pt\/wp\/wp-json\/wp\/v2\/types\/product"}],"replies":[{"embeddable":true,"href":"https:\/\/bracarvfv.foguetao-maquetes.pt\/wp\/wp-json\/wp\/v2\/comments?post=7147"}],"wp:attachment":[{"href":"https:\/\/bracarvfv.foguetao-maquetes.pt\/wp\/wp-json\/wp\/v2\/media?parent=7147"}],"wp:term":[{"taxonomy":"product_cat","embeddable":true,"href":"https:\/\/bracarvfv.foguetao-maquetes.pt\/wp\/wp-json\/wp\/v2\/product_cat?post=7147"},{"taxonomy":"product_tag","embeddable":true,"href":"https:\/\/bracarvfv.foguetao-maquetes.pt\/wp\/wp-json\/wp\/v2\/product_tag?post=7147"}],"curies":[{"name":"wp","href":"https:\/\/api.w.org\/{rel}","templated":true}]}}