
{"id":6796,"date":"2023-05-04T16:01:23","date_gmt":"2023-05-04T16:01:23","guid":{"rendered":"https:\/\/bracarvfv.foguetao-maquetes.pt\/wp\/produto\/honda-civic-vi-aerodeck-mb-mc-98-01-29\/"},"modified":"2023-05-08T16:08:30","modified_gmt":"2023-05-08T16:08:30","slug":"honda-civic-vi-aerodeck-mb-mc-98-01-29","status":"publish","type":"product","link":"https:\/\/bracarvfv.foguetao-maquetes.pt\/wp\/produto\/honda-civic-vi-aerodeck-mb-mc-98-01-29\/","title":{"rendered":"Bra\u00e7o suspens\u00e3o esq &#8211; HONDA CIVIC VI Aerodeck (MB, MC) | 98 &#8211; 01"},"content":{"rendered":"<p>Bra\u00e7o suspens\u00e3o esq &#8211; HONDA CIVIC VI Aerodeck (MB, MC) | 98 &#8211; 01<br \/>Gasoline<br \/>1998<\/p>\n","protected":false},"excerpt":{"rendered":"<p>Bra\u00e7o suspens\u00e3o esq &#8211; HONDA CIVIC VI Aerodeck (MB, MC) | 98 &#8211; 01<br \/>Gasoline<br \/>1998<\/p>\n","protected":false},"featured_media":0,"comment_status":"open","ping_status":"closed","template":"","meta":[],"product_cat":[26],"product_tag":[44,41,90,103],"class_list":["post-6796","product","type-product","status-publish","hentry","product_cat-pecas","product_tag-44","product_tag-gasoline","product_tag-honda","product_tag-usado"],"_links":{"self":[{"href":"https:\/\/bracarvfv.foguetao-maquetes.pt\/wp\/wp-json\/wp\/v2\/product\/6796","targetHints":{"allow":["GET"]}}],"collection":[{"href":"https:\/\/bracarvfv.foguetao-maquetes.pt\/wp\/wp-json\/wp\/v2\/product"}],"about":[{"href":"https:\/\/bracarvfv.foguetao-maquetes.pt\/wp\/wp-json\/wp\/v2\/types\/product"}],"replies":[{"embeddable":true,"href":"https:\/\/bracarvfv.foguetao-maquetes.pt\/wp\/wp-json\/wp\/v2\/comments?post=6796"}],"wp:attachment":[{"href":"https:\/\/bracarvfv.foguetao-maquetes.pt\/wp\/wp-json\/wp\/v2\/media?parent=6796"}],"wp:term":[{"taxonomy":"product_cat","embeddable":true,"href":"https:\/\/bracarvfv.foguetao-maquetes.pt\/wp\/wp-json\/wp\/v2\/product_cat?post=6796"},{"taxonomy":"product_tag","embeddable":true,"href":"https:\/\/bracarvfv.foguetao-maquetes.pt\/wp\/wp-json\/wp\/v2\/product_tag?post=6796"}],"curies":[{"name":"wp","href":"https:\/\/api.w.org\/{rel}","templated":true}]}}