
{"id":6357,"date":"2023-05-04T16:00:27","date_gmt":"2023-05-04T16:00:27","guid":{"rendered":"https:\/\/bracarvfv.foguetao-maquetes.pt\/wp\/produto\/ford-focus-ii-da_-hcp-dp-04-13-28\/"},"modified":"2023-05-08T16:06:47","modified_gmt":"2023-05-08T16:06:47","slug":"ford-focus-ii-da_-hcp-dp-04-13-28","status":"publish","type":"product","link":"https:\/\/bracarvfv.foguetao-maquetes.pt\/wp\/produto\/ford-focus-ii-da_-hcp-dp-04-13-28\/","title":{"rendered":"Coluna dire\u00e7\u00e3o &#8211; FORD FOCUS II (DA_, HCP, DP) | 04 &#8211; 13"},"content":{"rendered":"<p>Coluna dire\u00e7\u00e3o &#8211; FORD FOCUS II (DA_, HCP, DP) | 04 &#8211; 13<br \/>Diesel<br \/>2004<\/p>\n","protected":false},"excerpt":{"rendered":"<p>Coluna dire\u00e7\u00e3o &#8211; FORD FOCUS II (DA_, HCP, DP) | 04 &#8211; 13<br \/>Diesel<br \/>2004<\/p>\n","protected":false},"featured_media":0,"comment_status":"open","ping_status":"closed","template":"","meta":[],"product_cat":[26],"product_tag":[60,27,43,103],"class_list":["post-6357","product","type-product","status-publish","hentry","product_cat-pecas","product_tag-60","product_tag-diesel","product_tag-ford","product_tag-usado"],"_links":{"self":[{"href":"https:\/\/bracarvfv.foguetao-maquetes.pt\/wp\/wp-json\/wp\/v2\/product\/6357","targetHints":{"allow":["GET"]}}],"collection":[{"href":"https:\/\/bracarvfv.foguetao-maquetes.pt\/wp\/wp-json\/wp\/v2\/product"}],"about":[{"href":"https:\/\/bracarvfv.foguetao-maquetes.pt\/wp\/wp-json\/wp\/v2\/types\/product"}],"replies":[{"embeddable":true,"href":"https:\/\/bracarvfv.foguetao-maquetes.pt\/wp\/wp-json\/wp\/v2\/comments?post=6357"}],"wp:attachment":[{"href":"https:\/\/bracarvfv.foguetao-maquetes.pt\/wp\/wp-json\/wp\/v2\/media?parent=6357"}],"wp:term":[{"taxonomy":"product_cat","embeddable":true,"href":"https:\/\/bracarvfv.foguetao-maquetes.pt\/wp\/wp-json\/wp\/v2\/product_cat?post=6357"},{"taxonomy":"product_tag","embeddable":true,"href":"https:\/\/bracarvfv.foguetao-maquetes.pt\/wp\/wp-json\/wp\/v2\/product_tag?post=6357"}],"curies":[{"name":"wp","href":"https:\/\/api.w.org\/{rel}","templated":true}]}}