
{"id":5810,"date":"2023-05-04T15:59:16","date_gmt":"2023-05-04T15:59:16","guid":{"rendered":"https:\/\/bracarvfv.foguetao-maquetes.pt\/wp\/produto\/bmw-3-e46-98-05-17\/"},"modified":"2023-05-08T16:04:52","modified_gmt":"2023-05-08T16:04:52","slug":"bmw-3-e46-98-05-17","status":"publish","type":"product","link":"https:\/\/bracarvfv.foguetao-maquetes.pt\/wp\/produto\/bmw-3-e46-98-05-17\/","title":{"rendered":"Suspens\u00e3o Tr\u00e1s Dto &#8211; BMW 3 (E46) | 98 &#8211; 05"},"content":{"rendered":"<p>Suspens\u00e3o Tr\u00e1s Dto &#8211; BMW 3 (E46) | 98 &#8211; 05<br \/>Diesel<br \/>1998<\/p>\n","protected":false},"excerpt":{"rendered":"<p>Suspens\u00e3o Tr\u00e1s Dto &#8211; BMW 3 (E46) | 98 &#8211; 05<br \/>Diesel<br \/>1998<\/p>\n","protected":false},"featured_media":0,"comment_status":"open","ping_status":"closed","template":"","meta":[],"product_cat":[26],"product_tag":[44,63,27,103],"class_list":["post-5810","product","type-product","status-publish","hentry","product_cat-pecas","product_tag-44","product_tag-bmw","product_tag-diesel","product_tag-usado"],"_links":{"self":[{"href":"https:\/\/bracarvfv.foguetao-maquetes.pt\/wp\/wp-json\/wp\/v2\/product\/5810","targetHints":{"allow":["GET"]}}],"collection":[{"href":"https:\/\/bracarvfv.foguetao-maquetes.pt\/wp\/wp-json\/wp\/v2\/product"}],"about":[{"href":"https:\/\/bracarvfv.foguetao-maquetes.pt\/wp\/wp-json\/wp\/v2\/types\/product"}],"replies":[{"embeddable":true,"href":"https:\/\/bracarvfv.foguetao-maquetes.pt\/wp\/wp-json\/wp\/v2\/comments?post=5810"}],"wp:attachment":[{"href":"https:\/\/bracarvfv.foguetao-maquetes.pt\/wp\/wp-json\/wp\/v2\/media?parent=5810"}],"wp:term":[{"taxonomy":"product_cat","embeddable":true,"href":"https:\/\/bracarvfv.foguetao-maquetes.pt\/wp\/wp-json\/wp\/v2\/product_cat?post=5810"},{"taxonomy":"product_tag","embeddable":true,"href":"https:\/\/bracarvfv.foguetao-maquetes.pt\/wp\/wp-json\/wp\/v2\/product_tag?post=5810"}],"curies":[{"name":"wp","href":"https:\/\/api.w.org\/{rel}","templated":true}]}}