
{"id":5708,"date":"2023-05-04T15:59:07","date_gmt":"2023-05-04T15:59:07","guid":{"rendered":"https:\/\/bracarvfv.foguetao-maquetes.pt\/wp\/produto\/volkswagen-polo-6n2-99-01-27\/"},"modified":"2023-05-08T16:04:27","modified_gmt":"2023-05-08T16:04:27","slug":"volkswagen-polo-6n2-99-01-27","status":"publish","type":"product","link":"https:\/\/bracarvfv.foguetao-maquetes.pt\/wp\/produto\/volkswagen-polo-6n2-99-01-27\/","title":{"rendered":"Trav\u00e3o M\u00e3o &#8211; VOLKSWAGEN POLO (6N2) | 99 &#8211; 01"},"content":{"rendered":"<p>Trav\u00e3o M\u00e3o &#8211; VOLKSWAGEN POLO (6N2) | 99 &#8211; 01<br \/>Gasoline<br \/>1999<\/p>\n","protected":false},"excerpt":{"rendered":"<p>Trav\u00e3o M\u00e3o &#8211; VOLKSWAGEN POLO (6N2) | 99 &#8211; 01<br \/>Gasoline<br \/>1999<\/p>\n","protected":false},"featured_media":0,"comment_status":"open","ping_status":"closed","template":"","meta":[],"product_cat":[26],"product_tag":[37,41,103,52],"class_list":["post-5708","product","type-product","status-publish","hentry","product_cat-pecas","product_tag-37","product_tag-gasoline","product_tag-usado","product_tag-volkswagen"],"_links":{"self":[{"href":"https:\/\/bracarvfv.foguetao-maquetes.pt\/wp\/wp-json\/wp\/v2\/product\/5708","targetHints":{"allow":["GET"]}}],"collection":[{"href":"https:\/\/bracarvfv.foguetao-maquetes.pt\/wp\/wp-json\/wp\/v2\/product"}],"about":[{"href":"https:\/\/bracarvfv.foguetao-maquetes.pt\/wp\/wp-json\/wp\/v2\/types\/product"}],"replies":[{"embeddable":true,"href":"https:\/\/bracarvfv.foguetao-maquetes.pt\/wp\/wp-json\/wp\/v2\/comments?post=5708"}],"wp:attachment":[{"href":"https:\/\/bracarvfv.foguetao-maquetes.pt\/wp\/wp-json\/wp\/v2\/media?parent=5708"}],"wp:term":[{"taxonomy":"product_cat","embeddable":true,"href":"https:\/\/bracarvfv.foguetao-maquetes.pt\/wp\/wp-json\/wp\/v2\/product_cat?post=5708"},{"taxonomy":"product_tag","embeddable":true,"href":"https:\/\/bracarvfv.foguetao-maquetes.pt\/wp\/wp-json\/wp\/v2\/product_tag?post=5708"}],"curies":[{"name":"wp","href":"https:\/\/api.w.org\/{rel}","templated":true}]}}