
{"id":4567,"date":"2023-05-04T15:56:49","date_gmt":"2023-05-04T15:56:49","guid":{"rendered":"https:\/\/bracarvfv.foguetao-maquetes.pt\/wp\/produto\/ford-kuga-i-08-12-10\/"},"modified":"2023-05-08T16:00:30","modified_gmt":"2023-05-08T16:00:30","slug":"ford-kuga-i-08-12-10","status":"publish","type":"product","link":"https:\/\/bracarvfv.foguetao-maquetes.pt\/wp\/produto\/ford-kuga-i-08-12-10\/","title":{"rendered":"Coluna dire\u00e7\u00e3o &#8211; FORD KUGA I | 08 &#8211; 12"},"content":{"rendered":"<p>Coluna dire\u00e7\u00e3o &#8211; FORD KUGA I | 08 &#8211; 12<br \/>2008<\/p>\n","protected":false},"excerpt":{"rendered":"<p>Coluna dire\u00e7\u00e3o &#8211; FORD KUGA I | 08 &#8211; 12<br \/>2008<\/p>\n","protected":false},"featured_media":0,"comment_status":"open","ping_status":"closed","template":"","meta":[],"product_cat":[26],"product_tag":[34,43,103],"class_list":["post-4567","product","type-product","status-publish","hentry","product_cat-pecas","product_tag-34","product_tag-ford","product_tag-usado"],"_links":{"self":[{"href":"https:\/\/bracarvfv.foguetao-maquetes.pt\/wp\/wp-json\/wp\/v2\/product\/4567","targetHints":{"allow":["GET"]}}],"collection":[{"href":"https:\/\/bracarvfv.foguetao-maquetes.pt\/wp\/wp-json\/wp\/v2\/product"}],"about":[{"href":"https:\/\/bracarvfv.foguetao-maquetes.pt\/wp\/wp-json\/wp\/v2\/types\/product"}],"replies":[{"embeddable":true,"href":"https:\/\/bracarvfv.foguetao-maquetes.pt\/wp\/wp-json\/wp\/v2\/comments?post=4567"}],"wp:attachment":[{"href":"https:\/\/bracarvfv.foguetao-maquetes.pt\/wp\/wp-json\/wp\/v2\/media?parent=4567"}],"wp:term":[{"taxonomy":"product_cat","embeddable":true,"href":"https:\/\/bracarvfv.foguetao-maquetes.pt\/wp\/wp-json\/wp\/v2\/product_cat?post=4567"},{"taxonomy":"product_tag","embeddable":true,"href":"https:\/\/bracarvfv.foguetao-maquetes.pt\/wp\/wp-json\/wp\/v2\/product_tag?post=4567"}],"curies":[{"name":"wp","href":"https:\/\/api.w.org\/{rel}","templated":true}]}}