
{"id":4189,"date":"2023-05-04T15:56:09","date_gmt":"2023-05-04T15:56:09","guid":{"rendered":"https:\/\/bracarvfv.foguetao-maquetes.pt\/wp\/produto\/opel-zafira-a-veiculo-multiuso-t98-99-05-7\/"},"modified":"2023-05-08T15:59:21","modified_gmt":"2023-05-08T15:59:21","slug":"opel-zafira-a-veiculo-multiuso-t98-99-05-7","status":"publish","type":"product","link":"https:\/\/bracarvfv.foguetao-maquetes.pt\/wp\/produto\/opel-zafira-a-veiculo-multiuso-t98-99-05-7\/","title":{"rendered":"Suspens\u00e3o Tr\u00e1s Dto &#8211; OPEL ZAFIRA A Ve\u00edculo multiuso (T98) | 99 &#8211; 05"},"content":{"rendered":"<p>Suspens\u00e3o Tr\u00e1s Dto &#8211; OPEL ZAFIRA A Ve\u00edculo multiuso (T98) | 99 &#8211; 05<br \/>Gasoline<br \/>1999<\/p>\n","protected":false},"excerpt":{"rendered":"<p>Suspens\u00e3o Tr\u00e1s Dto &#8211; OPEL ZAFIRA A Ve\u00edculo multiuso (T98) | 99 &#8211; 05<br \/>Gasoline<br \/>1999<\/p>\n","protected":false},"featured_media":0,"comment_status":"open","ping_status":"closed","template":"","meta":[],"product_cat":[26],"product_tag":[37,41,38,103],"class_list":["post-4189","product","type-product","status-publish","hentry","product_cat-pecas","product_tag-37","product_tag-gasoline","product_tag-opel","product_tag-usado"],"_links":{"self":[{"href":"https:\/\/bracarvfv.foguetao-maquetes.pt\/wp\/wp-json\/wp\/v2\/product\/4189","targetHints":{"allow":["GET"]}}],"collection":[{"href":"https:\/\/bracarvfv.foguetao-maquetes.pt\/wp\/wp-json\/wp\/v2\/product"}],"about":[{"href":"https:\/\/bracarvfv.foguetao-maquetes.pt\/wp\/wp-json\/wp\/v2\/types\/product"}],"replies":[{"embeddable":true,"href":"https:\/\/bracarvfv.foguetao-maquetes.pt\/wp\/wp-json\/wp\/v2\/comments?post=4189"}],"wp:attachment":[{"href":"https:\/\/bracarvfv.foguetao-maquetes.pt\/wp\/wp-json\/wp\/v2\/media?parent=4189"}],"wp:term":[{"taxonomy":"product_cat","embeddable":true,"href":"https:\/\/bracarvfv.foguetao-maquetes.pt\/wp\/wp-json\/wp\/v2\/product_cat?post=4189"},{"taxonomy":"product_tag","embeddable":true,"href":"https:\/\/bracarvfv.foguetao-maquetes.pt\/wp\/wp-json\/wp\/v2\/product_tag?post=4189"}],"curies":[{"name":"wp","href":"https:\/\/api.w.org\/{rel}","templated":true}]}}