
{"id":4177,"date":"2023-05-04T15:56:08","date_gmt":"2023-05-04T15:56:08","guid":{"rendered":"https:\/\/bracarvfv.foguetao-maquetes.pt\/wp\/produto\/toyota-corolla-_e10_-91-99-28\/"},"modified":"2023-05-08T15:59:12","modified_gmt":"2023-05-08T15:59:12","slug":"toyota-corolla-_e10_-91-99-28","status":"publish","type":"product","link":"https:\/\/bracarvfv.foguetao-maquetes.pt\/wp\/produto\/toyota-corolla-_e10_-91-99-28\/","title":{"rendered":"Caixa de Direc\u00e7\u00e3o &#8211; TOYOTA COROLLA (_E10_) | 91 &#8211; 99"},"content":{"rendered":"<p>Caixa de Direc\u00e7\u00e3o &#8211; TOYOTA COROLLA (_E10_) | 91 &#8211; 99<br \/>1991<\/p>\n","protected":false},"excerpt":{"rendered":"<p>Caixa de Direc\u00e7\u00e3o &#8211; TOYOTA COROLLA (_E10_) | 91 &#8211; 99<br \/>1991<\/p>\n","protected":false},"featured_media":0,"comment_status":"open","ping_status":"closed","template":"","meta":[],"product_cat":[26],"product_tag":[32,69,103],"class_list":["post-4177","product","type-product","status-publish","hentry","product_cat-pecas","product_tag-32","product_tag-toyota","product_tag-usado"],"_links":{"self":[{"href":"https:\/\/bracarvfv.foguetao-maquetes.pt\/wp\/wp-json\/wp\/v2\/product\/4177","targetHints":{"allow":["GET"]}}],"collection":[{"href":"https:\/\/bracarvfv.foguetao-maquetes.pt\/wp\/wp-json\/wp\/v2\/product"}],"about":[{"href":"https:\/\/bracarvfv.foguetao-maquetes.pt\/wp\/wp-json\/wp\/v2\/types\/product"}],"replies":[{"embeddable":true,"href":"https:\/\/bracarvfv.foguetao-maquetes.pt\/wp\/wp-json\/wp\/v2\/comments?post=4177"}],"wp:attachment":[{"href":"https:\/\/bracarvfv.foguetao-maquetes.pt\/wp\/wp-json\/wp\/v2\/media?parent=4177"}],"wp:term":[{"taxonomy":"product_cat","embeddable":true,"href":"https:\/\/bracarvfv.foguetao-maquetes.pt\/wp\/wp-json\/wp\/v2\/product_cat?post=4177"},{"taxonomy":"product_tag","embeddable":true,"href":"https:\/\/bracarvfv.foguetao-maquetes.pt\/wp\/wp-json\/wp\/v2\/product_tag?post=4177"}],"curies":[{"name":"wp","href":"https:\/\/api.w.org\/{rel}","templated":true}]}}