
{"id":4161,"date":"2023-05-04T15:56:07","date_gmt":"2023-05-04T15:56:07","guid":{"rendered":"https:\/\/bracarvfv.foguetao-maquetes.pt\/wp\/produto\/honda-civic-vi-aerodeck-mb-mc-98-01-9\/"},"modified":"2023-05-08T15:59:10","modified_gmt":"2023-05-08T15:59:10","slug":"honda-civic-vi-aerodeck-mb-mc-98-01-9","status":"publish","type":"product","link":"https:\/\/bracarvfv.foguetao-maquetes.pt\/wp\/produto\/honda-civic-vi-aerodeck-mb-mc-98-01-9\/","title":{"rendered":"Bra\u00e7o suspens\u00e3o drt &#8211; HONDA CIVIC VI Aerodeck (MB, MC) | 98 &#8211; 01"},"content":{"rendered":"<p>Bra\u00e7o suspens\u00e3o drt &#8211; HONDA CIVIC VI Aerodeck (MB, MC) | 98 &#8211; 01<br \/>Gasoline<br \/>1998<\/p>\n","protected":false},"excerpt":{"rendered":"<p>Bra\u00e7o suspens\u00e3o drt &#8211; HONDA CIVIC VI Aerodeck (MB, MC) | 98 &#8211; 01<br \/>Gasoline<br \/>1998<\/p>\n","protected":false},"featured_media":0,"comment_status":"open","ping_status":"closed","template":"","meta":[],"product_cat":[26],"product_tag":[44,41,90,103],"class_list":["post-4161","product","type-product","status-publish","hentry","product_cat-pecas","product_tag-44","product_tag-gasoline","product_tag-honda","product_tag-usado"],"_links":{"self":[{"href":"https:\/\/bracarvfv.foguetao-maquetes.pt\/wp\/wp-json\/wp\/v2\/product\/4161","targetHints":{"allow":["GET"]}}],"collection":[{"href":"https:\/\/bracarvfv.foguetao-maquetes.pt\/wp\/wp-json\/wp\/v2\/product"}],"about":[{"href":"https:\/\/bracarvfv.foguetao-maquetes.pt\/wp\/wp-json\/wp\/v2\/types\/product"}],"replies":[{"embeddable":true,"href":"https:\/\/bracarvfv.foguetao-maquetes.pt\/wp\/wp-json\/wp\/v2\/comments?post=4161"}],"wp:attachment":[{"href":"https:\/\/bracarvfv.foguetao-maquetes.pt\/wp\/wp-json\/wp\/v2\/media?parent=4161"}],"wp:term":[{"taxonomy":"product_cat","embeddable":true,"href":"https:\/\/bracarvfv.foguetao-maquetes.pt\/wp\/wp-json\/wp\/v2\/product_cat?post=4161"},{"taxonomy":"product_tag","embeddable":true,"href":"https:\/\/bracarvfv.foguetao-maquetes.pt\/wp\/wp-json\/wp\/v2\/product_tag?post=4161"}],"curies":[{"name":"wp","href":"https:\/\/api.w.org\/{rel}","templated":true}]}}