
{"id":3618,"date":"2023-05-04T15:55:12","date_gmt":"2023-05-04T15:55:12","guid":{"rendered":"https:\/\/bracarvfv.foguetao-maquetes.pt\/wp\/produto\/peugeot-205-caixa-83-90-14\/"},"modified":"2023-05-08T15:57:28","modified_gmt":"2023-05-08T15:57:28","slug":"peugeot-205-caixa-83-90-14","status":"publish","type":"product","link":"https:\/\/bracarvfv.foguetao-maquetes.pt\/wp\/produto\/peugeot-205-caixa-83-90-14\/","title":{"rendered":"Coluna dire\u00e7\u00e3o &#8211; PEUGEOT 205 Caixa | 83 &#8211; 90"},"content":{"rendered":"<p>Coluna dire\u00e7\u00e3o &#8211; PEUGEOT 205 Caixa | 83 &#8211; 90<br \/>Gasoline<br \/>1983<\/p>\n","protected":false},"excerpt":{"rendered":"<p>Coluna dire\u00e7\u00e3o &#8211; PEUGEOT 205 Caixa | 83 &#8211; 90<br \/>Gasoline<br \/>1983<\/p>\n","protected":false},"featured_media":0,"comment_status":"open","ping_status":"closed","template":"","meta":[],"product_cat":[26],"product_tag":[76,41,33,103],"class_list":["post-3618","product","type-product","status-publish","hentry","product_cat-pecas","product_tag-76","product_tag-gasoline","product_tag-peugeot","product_tag-usado"],"_links":{"self":[{"href":"https:\/\/bracarvfv.foguetao-maquetes.pt\/wp\/wp-json\/wp\/v2\/product\/3618","targetHints":{"allow":["GET"]}}],"collection":[{"href":"https:\/\/bracarvfv.foguetao-maquetes.pt\/wp\/wp-json\/wp\/v2\/product"}],"about":[{"href":"https:\/\/bracarvfv.foguetao-maquetes.pt\/wp\/wp-json\/wp\/v2\/types\/product"}],"replies":[{"embeddable":true,"href":"https:\/\/bracarvfv.foguetao-maquetes.pt\/wp\/wp-json\/wp\/v2\/comments?post=3618"}],"wp:attachment":[{"href":"https:\/\/bracarvfv.foguetao-maquetes.pt\/wp\/wp-json\/wp\/v2\/media?parent=3618"}],"wp:term":[{"taxonomy":"product_cat","embeddable":true,"href":"https:\/\/bracarvfv.foguetao-maquetes.pt\/wp\/wp-json\/wp\/v2\/product_cat?post=3618"},{"taxonomy":"product_tag","embeddable":true,"href":"https:\/\/bracarvfv.foguetao-maquetes.pt\/wp\/wp-json\/wp\/v2\/product_tag?post=3618"}],"curies":[{"name":"wp","href":"https:\/\/api.w.org\/{rel}","templated":true}]}}