
{"id":3277,"date":"2023-05-04T15:54:43","date_gmt":"2023-05-04T15:54:43","guid":{"rendered":"https:\/\/bracarvfv.foguetao-maquetes.pt\/wp\/produto\/citroen-xantia-x1_-x2_-93-03-12\/"},"modified":"2023-05-08T15:56:20","modified_gmt":"2023-05-08T15:56:20","slug":"citroen-xantia-x1_-x2_-93-03-12","status":"publish","type":"product","link":"https:\/\/bracarvfv.foguetao-maquetes.pt\/wp\/produto\/citroen-xantia-x1_-x2_-93-03-12\/","title":{"rendered":"Caixa de Direc\u00e7\u00e3o &#8211; CITRO\u00cbN XANTIA (X1_, X2_) | 93 &#8211; 03"},"content":{"rendered":"<p>Caixa de Direc\u00e7\u00e3o &#8211; CITRO\u00cbN XANTIA (X1_, X2_) | 93 &#8211; 03<br \/>Diesel<br \/>1993<\/p>\n","protected":false},"excerpt":{"rendered":"<p>Caixa de Direc\u00e7\u00e3o &#8211; CITRO\u00cbN XANTIA (X1_, X2_) | 93 &#8211; 03<br \/>Diesel<br \/>1993<\/p>\n","protected":false},"featured_media":0,"comment_status":"open","ping_status":"closed","template":"","meta":[],"product_cat":[26],"product_tag":[50,35,27,103],"class_list":["post-3277","product","type-product","status-publish","hentry","product_cat-pecas","product_tag-50","product_tag-citroen","product_tag-diesel","product_tag-usado"],"_links":{"self":[{"href":"https:\/\/bracarvfv.foguetao-maquetes.pt\/wp\/wp-json\/wp\/v2\/product\/3277","targetHints":{"allow":["GET"]}}],"collection":[{"href":"https:\/\/bracarvfv.foguetao-maquetes.pt\/wp\/wp-json\/wp\/v2\/product"}],"about":[{"href":"https:\/\/bracarvfv.foguetao-maquetes.pt\/wp\/wp-json\/wp\/v2\/types\/product"}],"replies":[{"embeddable":true,"href":"https:\/\/bracarvfv.foguetao-maquetes.pt\/wp\/wp-json\/wp\/v2\/comments?post=3277"}],"wp:attachment":[{"href":"https:\/\/bracarvfv.foguetao-maquetes.pt\/wp\/wp-json\/wp\/v2\/media?parent=3277"}],"wp:term":[{"taxonomy":"product_cat","embeddable":true,"href":"https:\/\/bracarvfv.foguetao-maquetes.pt\/wp\/wp-json\/wp\/v2\/product_cat?post=3277"},{"taxonomy":"product_tag","embeddable":true,"href":"https:\/\/bracarvfv.foguetao-maquetes.pt\/wp\/wp-json\/wp\/v2\/product_tag?post=3277"}],"curies":[{"name":"wp","href":"https:\/\/api.w.org\/{rel}","templated":true}]}}