
{"id":283,"date":"2023-05-04T15:46:55","date_gmt":"2023-05-04T15:46:55","guid":{"rendered":"https:\/\/bracarvfv.foguetao-maquetes.pt\/wp\/produto\/mitsubishi-space-star-veiculo-multiuso-dg_a-98-04-5\/"},"modified":"2023-05-08T15:42:11","modified_gmt":"2023-05-08T15:42:11","slug":"mitsubishi-space-star-veiculo-multiuso-dg_a-98-04-5","status":"publish","type":"product","link":"https:\/\/bracarvfv.foguetao-maquetes.pt\/wp\/produto\/mitsubishi-space-star-veiculo-multiuso-dg_a-98-04-5\/","title":{"rendered":"Bomba Direc\u00e7\u00e3o Assistida &#8211; MITSUBISHI SPACE STAR Ve\u00edculo multiuso (DG_A) | 98 &#8211; 04"},"content":{"rendered":"<p>Bomba Direc\u00e7\u00e3o Assistida &#8211; MITSUBISHI SPACE STAR Ve\u00edculo multiuso (DG_A) | 98 &#8211; 04<br \/>Gasoline<br \/>1998<\/p>\n","protected":false},"excerpt":{"rendered":"<p>Bomba Direc\u00e7\u00e3o Assistida &#8211; MITSUBISHI SPACE STAR Ve\u00edculo multiuso (DG_A) | 98 &#8211; 04<br \/>Gasoline<br \/>1998<\/p>\n","protected":false},"featured_media":0,"comment_status":"open","ping_status":"closed","template":"","meta":[],"product_cat":[26],"product_tag":[44,41,45,103],"class_list":["post-283","product","type-product","status-publish","hentry","product_cat-pecas","product_tag-44","product_tag-gasoline","product_tag-mitsubishi","product_tag-usado"],"_links":{"self":[{"href":"https:\/\/bracarvfv.foguetao-maquetes.pt\/wp\/wp-json\/wp\/v2\/product\/283","targetHints":{"allow":["GET"]}}],"collection":[{"href":"https:\/\/bracarvfv.foguetao-maquetes.pt\/wp\/wp-json\/wp\/v2\/product"}],"about":[{"href":"https:\/\/bracarvfv.foguetao-maquetes.pt\/wp\/wp-json\/wp\/v2\/types\/product"}],"replies":[{"embeddable":true,"href":"https:\/\/bracarvfv.foguetao-maquetes.pt\/wp\/wp-json\/wp\/v2\/comments?post=283"}],"wp:attachment":[{"href":"https:\/\/bracarvfv.foguetao-maquetes.pt\/wp\/wp-json\/wp\/v2\/media?parent=283"}],"wp:term":[{"taxonomy":"product_cat","embeddable":true,"href":"https:\/\/bracarvfv.foguetao-maquetes.pt\/wp\/wp-json\/wp\/v2\/product_cat?post=283"},{"taxonomy":"product_tag","embeddable":true,"href":"https:\/\/bracarvfv.foguetao-maquetes.pt\/wp\/wp-json\/wp\/v2\/product_tag?post=283"}],"curies":[{"name":"wp","href":"https:\/\/api.w.org\/{rel}","templated":true}]}}