
{"id":2505,"date":"2023-05-04T15:53:32","date_gmt":"2023-05-04T15:53:32","guid":{"rendered":"https:\/\/bracarvfv.foguetao-maquetes.pt\/wp\/produto\/nissan-primera-p10-90-96-9\/"},"modified":"2023-05-08T15:53:51","modified_gmt":"2023-05-08T15:53:51","slug":"nissan-primera-p10-90-96-9","status":"publish","type":"product","link":"https:\/\/bracarvfv.foguetao-maquetes.pt\/wp\/produto\/nissan-primera-p10-90-96-9\/","title":{"rendered":"Bra\u00e7o suspens\u00e3o drt &#8211; NISSAN PRIMERA (P10) | 90 &#8211; 96"},"content":{"rendered":"<p>Bra\u00e7o suspens\u00e3o drt &#8211; NISSAN PRIMERA (P10) | 90 &#8211; 96<br \/>Diesel<br \/>1990<\/p>\n","protected":false},"excerpt":{"rendered":"<p>Bra\u00e7o suspens\u00e3o drt &#8211; NISSAN PRIMERA (P10) | 90 &#8211; 96<br \/>Diesel<br \/>1990<\/p>\n","protected":false},"featured_media":0,"comment_status":"open","ping_status":"closed","template":"","meta":[],"product_cat":[26],"product_tag":[65,27,66,103],"class_list":["post-2505","product","type-product","status-publish","hentry","product_cat-pecas","product_tag-65","product_tag-diesel","product_tag-nissan","product_tag-usado"],"_links":{"self":[{"href":"https:\/\/bracarvfv.foguetao-maquetes.pt\/wp\/wp-json\/wp\/v2\/product\/2505","targetHints":{"allow":["GET"]}}],"collection":[{"href":"https:\/\/bracarvfv.foguetao-maquetes.pt\/wp\/wp-json\/wp\/v2\/product"}],"about":[{"href":"https:\/\/bracarvfv.foguetao-maquetes.pt\/wp\/wp-json\/wp\/v2\/types\/product"}],"replies":[{"embeddable":true,"href":"https:\/\/bracarvfv.foguetao-maquetes.pt\/wp\/wp-json\/wp\/v2\/comments?post=2505"}],"wp:attachment":[{"href":"https:\/\/bracarvfv.foguetao-maquetes.pt\/wp\/wp-json\/wp\/v2\/media?parent=2505"}],"wp:term":[{"taxonomy":"product_cat","embeddable":true,"href":"https:\/\/bracarvfv.foguetao-maquetes.pt\/wp\/wp-json\/wp\/v2\/product_cat?post=2505"},{"taxonomy":"product_tag","embeddable":true,"href":"https:\/\/bracarvfv.foguetao-maquetes.pt\/wp\/wp-json\/wp\/v2\/product_tag?post=2505"}],"curies":[{"name":"wp","href":"https:\/\/api.w.org\/{rel}","templated":true}]}}