
{"id":2356,"date":"2023-05-04T15:52:50","date_gmt":"2023-05-04T15:52:50","guid":{"rendered":"https:\/\/bracarvfv.foguetao-maquetes.pt\/wp\/produto\/seat-cordoba-6k1-6k2-93-02-12\/"},"modified":"2023-05-08T15:52:44","modified_gmt":"2023-05-08T15:52:44","slug":"seat-cordoba-6k1-6k2-93-02-12","status":"publish","type":"product","link":"https:\/\/bracarvfv.foguetao-maquetes.pt\/wp\/produto\/seat-cordoba-6k1-6k2-93-02-12\/","title":{"rendered":"Caixa de Direc\u00e7\u00e3o &#8211; SEAT CORDOBA (6K1, 6K2) | 93 &#8211; 02"},"content":{"rendered":"<p>Caixa de Direc\u00e7\u00e3o &#8211; SEAT CORDOBA (6K1, 6K2) | 93 &#8211; 02<br \/>Gasoline<br \/>1993<\/p>\n","protected":false},"excerpt":{"rendered":"<p>Caixa de Direc\u00e7\u00e3o &#8211; SEAT CORDOBA (6K1, 6K2) | 93 &#8211; 02<br \/>Gasoline<br \/>1993<\/p>\n","protected":false},"featured_media":0,"comment_status":"open","ping_status":"closed","template":"","meta":[],"product_cat":[26],"product_tag":[50,41,55,103],"class_list":["post-2356","product","type-product","status-publish","hentry","product_cat-pecas","product_tag-50","product_tag-gasoline","product_tag-seat","product_tag-usado"],"_links":{"self":[{"href":"https:\/\/bracarvfv.foguetao-maquetes.pt\/wp\/wp-json\/wp\/v2\/product\/2356","targetHints":{"allow":["GET"]}}],"collection":[{"href":"https:\/\/bracarvfv.foguetao-maquetes.pt\/wp\/wp-json\/wp\/v2\/product"}],"about":[{"href":"https:\/\/bracarvfv.foguetao-maquetes.pt\/wp\/wp-json\/wp\/v2\/types\/product"}],"replies":[{"embeddable":true,"href":"https:\/\/bracarvfv.foguetao-maquetes.pt\/wp\/wp-json\/wp\/v2\/comments?post=2356"}],"wp:attachment":[{"href":"https:\/\/bracarvfv.foguetao-maquetes.pt\/wp\/wp-json\/wp\/v2\/media?parent=2356"}],"wp:term":[{"taxonomy":"product_cat","embeddable":true,"href":"https:\/\/bracarvfv.foguetao-maquetes.pt\/wp\/wp-json\/wp\/v2\/product_cat?post=2356"},{"taxonomy":"product_tag","embeddable":true,"href":"https:\/\/bracarvfv.foguetao-maquetes.pt\/wp\/wp-json\/wp\/v2\/product_tag?post=2356"}],"curies":[{"name":"wp","href":"https:\/\/api.w.org\/{rel}","templated":true}]}}