
{"id":2248,"date":"2023-05-04T15:52:38","date_gmt":"2023-05-04T15:52:38","guid":{"rendered":"https:\/\/bracarvfv.foguetao-maquetes.pt\/wp\/produto\/citroen-c2-enterprise-jg_-03-11\/"},"modified":"2023-05-08T15:52:18","modified_gmt":"2023-05-08T15:52:18","slug":"citroen-c2-enterprise-jg_-03-11","status":"publish","type":"product","link":"https:\/\/bracarvfv.foguetao-maquetes.pt\/wp\/produto\/citroen-c2-enterprise-jg_-03-11\/","title":{"rendered":"Suspens\u00e3o Frente Dto &#8211; CITRO\u00cbN C2 ENTERPRISE (JG_) | 03 &#8211;"},"content":{"rendered":"<p>Suspens\u00e3o Frente Dto &#8211; CITRO\u00cbN C2 ENTERPRISE (JG_) | 03 &#8211; <br \/>Diesel<br \/>2003<\/p>\n","protected":false},"excerpt":{"rendered":"<p>Suspens\u00e3o Frente Dto &#8211; CITRO\u00cbN C2 ENTERPRISE (JG_) | 03 &#8211; <br \/>Diesel<br \/>2003<\/p>\n","protected":false},"featured_media":0,"comment_status":"open","ping_status":"closed","template":"","meta":[],"product_cat":[26],"product_tag":[30,35,27,103],"class_list":["post-2248","product","type-product","status-publish","hentry","product_cat-pecas","product_tag-30","product_tag-citroen","product_tag-diesel","product_tag-usado"],"_links":{"self":[{"href":"https:\/\/bracarvfv.foguetao-maquetes.pt\/wp\/wp-json\/wp\/v2\/product\/2248","targetHints":{"allow":["GET"]}}],"collection":[{"href":"https:\/\/bracarvfv.foguetao-maquetes.pt\/wp\/wp-json\/wp\/v2\/product"}],"about":[{"href":"https:\/\/bracarvfv.foguetao-maquetes.pt\/wp\/wp-json\/wp\/v2\/types\/product"}],"replies":[{"embeddable":true,"href":"https:\/\/bracarvfv.foguetao-maquetes.pt\/wp\/wp-json\/wp\/v2\/comments?post=2248"}],"wp:attachment":[{"href":"https:\/\/bracarvfv.foguetao-maquetes.pt\/wp\/wp-json\/wp\/v2\/media?parent=2248"}],"wp:term":[{"taxonomy":"product_cat","embeddable":true,"href":"https:\/\/bracarvfv.foguetao-maquetes.pt\/wp\/wp-json\/wp\/v2\/product_cat?post=2248"},{"taxonomy":"product_tag","embeddable":true,"href":"https:\/\/bracarvfv.foguetao-maquetes.pt\/wp\/wp-json\/wp\/v2\/product_tag?post=2248"}],"curies":[{"name":"wp","href":"https:\/\/api.w.org\/{rel}","templated":true}]}}