
{"id":1906,"date":"2023-05-04T15:51:52","date_gmt":"2023-05-04T15:51:52","guid":{"rendered":"https:\/\/bracarvfv.foguetao-maquetes.pt\/wp\/produto\/ford-focus-daw-dbw-98-07-4\/"},"modified":"2023-05-08T15:51:01","modified_gmt":"2023-05-08T15:51:01","slug":"ford-focus-daw-dbw-98-07-4","status":"publish","type":"product","link":"https:\/\/bracarvfv.foguetao-maquetes.pt\/wp\/produto\/ford-focus-daw-dbw-98-07-4\/","title":{"rendered":"Bra\u00e7o suspens\u00e3o esq &#8211; FORD FOCUS (DAW, DBW) | 98 &#8211; 07"},"content":{"rendered":"<p>Bra\u00e7o suspens\u00e3o esq &#8211; FORD FOCUS (DAW, DBW) | 98 &#8211; 07<br \/>Gasoline<br \/>1998<\/p>\n","protected":false},"excerpt":{"rendered":"<p>Bra\u00e7o suspens\u00e3o esq &#8211; FORD FOCUS (DAW, DBW) | 98 &#8211; 07<br \/>Gasoline<br \/>1998<\/p>\n","protected":false},"featured_media":0,"comment_status":"open","ping_status":"closed","template":"","meta":[],"product_cat":[26],"product_tag":[44,43,41,103],"class_list":["post-1906","product","type-product","status-publish","hentry","product_cat-pecas","product_tag-44","product_tag-ford","product_tag-gasoline","product_tag-usado"],"_links":{"self":[{"href":"https:\/\/bracarvfv.foguetao-maquetes.pt\/wp\/wp-json\/wp\/v2\/product\/1906","targetHints":{"allow":["GET"]}}],"collection":[{"href":"https:\/\/bracarvfv.foguetao-maquetes.pt\/wp\/wp-json\/wp\/v2\/product"}],"about":[{"href":"https:\/\/bracarvfv.foguetao-maquetes.pt\/wp\/wp-json\/wp\/v2\/types\/product"}],"replies":[{"embeddable":true,"href":"https:\/\/bracarvfv.foguetao-maquetes.pt\/wp\/wp-json\/wp\/v2\/comments?post=1906"}],"wp:attachment":[{"href":"https:\/\/bracarvfv.foguetao-maquetes.pt\/wp\/wp-json\/wp\/v2\/media?parent=1906"}],"wp:term":[{"taxonomy":"product_cat","embeddable":true,"href":"https:\/\/bracarvfv.foguetao-maquetes.pt\/wp\/wp-json\/wp\/v2\/product_cat?post=1906"},{"taxonomy":"product_tag","embeddable":true,"href":"https:\/\/bracarvfv.foguetao-maquetes.pt\/wp\/wp-json\/wp\/v2\/product_tag?post=1906"}],"curies":[{"name":"wp","href":"https:\/\/api.w.org\/{rel}","templated":true}]}}