
{"id":1770,"date":"2023-05-04T15:51:39","date_gmt":"2023-05-04T15:51:39","guid":{"rendered":"https:\/\/bracarvfv.foguetao-maquetes.pt\/wp\/produto\/nissan-almera-i-n15-95-00-2\/"},"modified":"2023-05-08T15:50:23","modified_gmt":"2023-05-08T15:50:23","slug":"nissan-almera-i-n15-95-00-2","status":"publish","type":"product","link":"https:\/\/bracarvfv.foguetao-maquetes.pt\/wp\/produto\/nissan-almera-i-n15-95-00-2\/","title":{"rendered":"Bomba Direc\u00e7\u00e3o Assistida &#8211; NISSAN ALMERA I (N15) | 95 &#8211; 00"},"content":{"rendered":"<p>Bomba Direc\u00e7\u00e3o Assistida &#8211; NISSAN ALMERA I (N15) | 95 &#8211; 00<br \/>Diesel<br \/>1995<\/p>\n","protected":false},"excerpt":{"rendered":"<p>Bomba Direc\u00e7\u00e3o Assistida &#8211; NISSAN ALMERA I (N15) | 95 &#8211; 00<br \/>Diesel<br \/>1995<\/p>\n","protected":false},"featured_media":0,"comment_status":"open","ping_status":"closed","template":"","meta":[],"product_cat":[26],"product_tag":[54,27,66,103],"class_list":["post-1770","product","type-product","status-publish","hentry","product_cat-pecas","product_tag-54","product_tag-diesel","product_tag-nissan","product_tag-usado"],"_links":{"self":[{"href":"https:\/\/bracarvfv.foguetao-maquetes.pt\/wp\/wp-json\/wp\/v2\/product\/1770","targetHints":{"allow":["GET"]}}],"collection":[{"href":"https:\/\/bracarvfv.foguetao-maquetes.pt\/wp\/wp-json\/wp\/v2\/product"}],"about":[{"href":"https:\/\/bracarvfv.foguetao-maquetes.pt\/wp\/wp-json\/wp\/v2\/types\/product"}],"replies":[{"embeddable":true,"href":"https:\/\/bracarvfv.foguetao-maquetes.pt\/wp\/wp-json\/wp\/v2\/comments?post=1770"}],"wp:attachment":[{"href":"https:\/\/bracarvfv.foguetao-maquetes.pt\/wp\/wp-json\/wp\/v2\/media?parent=1770"}],"wp:term":[{"taxonomy":"product_cat","embeddable":true,"href":"https:\/\/bracarvfv.foguetao-maquetes.pt\/wp\/wp-json\/wp\/v2\/product_cat?post=1770"},{"taxonomy":"product_tag","embeddable":true,"href":"https:\/\/bracarvfv.foguetao-maquetes.pt\/wp\/wp-json\/wp\/v2\/product_tag?post=1770"}],"curies":[{"name":"wp","href":"https:\/\/api.w.org\/{rel}","templated":true}]}}