
{"id":1361,"date":"2023-05-04T15:50:28","date_gmt":"2023-05-04T15:50:28","guid":{"rendered":"https:\/\/bracarvfv.foguetao-maquetes.pt\/wp\/produto\/opel-astra-f-t92-91-98-17\/"},"modified":"2023-05-08T15:48:29","modified_gmt":"2023-05-08T15:48:29","slug":"opel-astra-f-t92-91-98-17","status":"publish","type":"product","link":"https:\/\/bracarvfv.foguetao-maquetes.pt\/wp\/produto\/opel-astra-f-t92-91-98-17\/","title":{"rendered":"Bomba Direc\u00e7\u00e3o Assistida &#8211; OPEL ASTRA F (T92) | 91 &#8211; 98"},"content":{"rendered":"<p>Bomba Direc\u00e7\u00e3o Assistida &#8211; OPEL ASTRA F (T92) | 91 &#8211; 98<br \/>Gasoline<br \/>1991<\/p>\n","protected":false},"excerpt":{"rendered":"<p>Bomba Direc\u00e7\u00e3o Assistida &#8211; OPEL ASTRA F (T92) | 91 &#8211; 98<br \/>Gasoline<br \/>1991<\/p>\n","protected":false},"featured_media":0,"comment_status":"open","ping_status":"closed","template":"","meta":[],"product_cat":[26],"product_tag":[32,41,38,103],"class_list":["post-1361","product","type-product","status-publish","hentry","product_cat-pecas","product_tag-32","product_tag-gasoline","product_tag-opel","product_tag-usado"],"_links":{"self":[{"href":"https:\/\/bracarvfv.foguetao-maquetes.pt\/wp\/wp-json\/wp\/v2\/product\/1361","targetHints":{"allow":["GET"]}}],"collection":[{"href":"https:\/\/bracarvfv.foguetao-maquetes.pt\/wp\/wp-json\/wp\/v2\/product"}],"about":[{"href":"https:\/\/bracarvfv.foguetao-maquetes.pt\/wp\/wp-json\/wp\/v2\/types\/product"}],"replies":[{"embeddable":true,"href":"https:\/\/bracarvfv.foguetao-maquetes.pt\/wp\/wp-json\/wp\/v2\/comments?post=1361"}],"wp:attachment":[{"href":"https:\/\/bracarvfv.foguetao-maquetes.pt\/wp\/wp-json\/wp\/v2\/media?parent=1361"}],"wp:term":[{"taxonomy":"product_cat","embeddable":true,"href":"https:\/\/bracarvfv.foguetao-maquetes.pt\/wp\/wp-json\/wp\/v2\/product_cat?post=1361"},{"taxonomy":"product_tag","embeddable":true,"href":"https:\/\/bracarvfv.foguetao-maquetes.pt\/wp\/wp-json\/wp\/v2\/product_tag?post=1361"}],"curies":[{"name":"wp","href":"https:\/\/api.w.org\/{rel}","templated":true}]}}