
{"id":10663,"date":"2023-05-04T16:11:20","date_gmt":"2023-05-04T16:11:20","guid":{"rendered":"https:\/\/bracarvfv.foguetao-maquetes.pt\/wp\/produto\/seat-ibiza-mk-ii-6k1-93-02-252\/"},"modified":"2023-05-08T16:23:09","modified_gmt":"2023-05-08T16:23:09","slug":"seat-ibiza-mk-ii-6k1-93-02-252","status":"publish","type":"product","link":"https:\/\/bracarvfv.foguetao-maquetes.pt\/wp\/produto\/seat-ibiza-mk-ii-6k1-93-02-252\/","title":{"rendered":"Bomba Direc\u00e7\u00e3o Assistida &#8211; SEAT IBIZA Mk II (6K1) | 93 &#8211; 02"},"content":{"rendered":"<p>Bomba Direc\u00e7\u00e3o Assistida &#8211; SEAT IBIZA Mk II (6K1) | 93 &#8211; 02<br \/>Gasoline<br \/>1993<\/p>\n","protected":false},"excerpt":{"rendered":"<p>Bomba Direc\u00e7\u00e3o Assistida &#8211; SEAT IBIZA Mk II (6K1) | 93 &#8211; 02<br \/>Gasoline<br \/>1993<\/p>\n","protected":false},"featured_media":0,"comment_status":"open","ping_status":"closed","template":"","meta":[],"product_cat":[26],"product_tag":[50,41,55,103],"class_list":["post-10663","product","type-product","status-publish","hentry","product_cat-pecas","product_tag-50","product_tag-gasoline","product_tag-seat","product_tag-usado"],"_links":{"self":[{"href":"https:\/\/bracarvfv.foguetao-maquetes.pt\/wp\/wp-json\/wp\/v2\/product\/10663","targetHints":{"allow":["GET"]}}],"collection":[{"href":"https:\/\/bracarvfv.foguetao-maquetes.pt\/wp\/wp-json\/wp\/v2\/product"}],"about":[{"href":"https:\/\/bracarvfv.foguetao-maquetes.pt\/wp\/wp-json\/wp\/v2\/types\/product"}],"replies":[{"embeddable":true,"href":"https:\/\/bracarvfv.foguetao-maquetes.pt\/wp\/wp-json\/wp\/v2\/comments?post=10663"}],"wp:attachment":[{"href":"https:\/\/bracarvfv.foguetao-maquetes.pt\/wp\/wp-json\/wp\/v2\/media?parent=10663"}],"wp:term":[{"taxonomy":"product_cat","embeddable":true,"href":"https:\/\/bracarvfv.foguetao-maquetes.pt\/wp\/wp-json\/wp\/v2\/product_cat?post=10663"},{"taxonomy":"product_tag","embeddable":true,"href":"https:\/\/bracarvfv.foguetao-maquetes.pt\/wp\/wp-json\/wp\/v2\/product_tag?post=10663"}],"curies":[{"name":"wp","href":"https:\/\/api.w.org\/{rel}","templated":true}]}}