
{"id":10616,"date":"2023-05-04T16:11:06","date_gmt":"2023-05-04T16:11:06","guid":{"rendered":"https:\/\/bracarvfv.foguetao-maquetes.pt\/wp\/produto\/nissan-primera-p10-90-96-43\/"},"modified":"2023-05-08T16:23:00","modified_gmt":"2023-05-08T16:23:00","slug":"nissan-primera-p10-90-96-43","status":"publish","type":"product","link":"https:\/\/bracarvfv.foguetao-maquetes.pt\/wp\/produto\/nissan-primera-p10-90-96-43\/","title":{"rendered":"Bomba Direc\u00e7\u00e3o Assistida &#8211; NISSAN PRIMERA (P10) | 90 &#8211; 96"},"content":{"rendered":"<p>Bomba Direc\u00e7\u00e3o Assistida &#8211; NISSAN PRIMERA (P10) | 90 &#8211; 96<br \/>Diesel<br \/>1990<\/p>\n","protected":false},"excerpt":{"rendered":"<p>Bomba Direc\u00e7\u00e3o Assistida &#8211; NISSAN PRIMERA (P10) | 90 &#8211; 96<br \/>Diesel<br \/>1990<\/p>\n","protected":false},"featured_media":0,"comment_status":"open","ping_status":"closed","template":"","meta":[],"product_cat":[26],"product_tag":[65,27,66,103],"class_list":["post-10616","product","type-product","status-publish","hentry","product_cat-pecas","product_tag-65","product_tag-diesel","product_tag-nissan","product_tag-usado"],"_links":{"self":[{"href":"https:\/\/bracarvfv.foguetao-maquetes.pt\/wp\/wp-json\/wp\/v2\/product\/10616","targetHints":{"allow":["GET"]}}],"collection":[{"href":"https:\/\/bracarvfv.foguetao-maquetes.pt\/wp\/wp-json\/wp\/v2\/product"}],"about":[{"href":"https:\/\/bracarvfv.foguetao-maquetes.pt\/wp\/wp-json\/wp\/v2\/types\/product"}],"replies":[{"embeddable":true,"href":"https:\/\/bracarvfv.foguetao-maquetes.pt\/wp\/wp-json\/wp\/v2\/comments?post=10616"}],"wp:attachment":[{"href":"https:\/\/bracarvfv.foguetao-maquetes.pt\/wp\/wp-json\/wp\/v2\/media?parent=10616"}],"wp:term":[{"taxonomy":"product_cat","embeddable":true,"href":"https:\/\/bracarvfv.foguetao-maquetes.pt\/wp\/wp-json\/wp\/v2\/product_cat?post=10616"},{"taxonomy":"product_tag","embeddable":true,"href":"https:\/\/bracarvfv.foguetao-maquetes.pt\/wp\/wp-json\/wp\/v2\/product_tag?post=10616"}],"curies":[{"name":"wp","href":"https:\/\/api.w.org\/{rel}","templated":true}]}}