
{"id":10406,"date":"2023-05-04T16:10:28","date_gmt":"2023-05-04T16:10:28","guid":{"rendered":"https:\/\/bracarvfv.foguetao-maquetes.pt\/wp\/produto\/fiat-punto-188_-99-12-243\/"},"modified":"2023-05-08T16:22:11","modified_gmt":"2023-05-08T16:22:11","slug":"fiat-punto-188_-99-12-243","status":"publish","type":"product","link":"https:\/\/bracarvfv.foguetao-maquetes.pt\/wp\/produto\/fiat-punto-188_-99-12-243\/","title":{"rendered":"Caixa de Direc\u00e7\u00e3o &#8211; FIAT PUNTO (188_) | 99 &#8211; 12"},"content":{"rendered":"<p>Caixa de Direc\u00e7\u00e3o &#8211; FIAT PUNTO (188_) | 99 &#8211; 12<br \/>Gasoline<br \/>1999<\/p>\n","protected":false},"excerpt":{"rendered":"<p>Caixa de Direc\u00e7\u00e3o &#8211; FIAT PUNTO (188_) | 99 &#8211; 12<br \/>Gasoline<br \/>1999<\/p>\n","protected":false},"featured_media":0,"comment_status":"open","ping_status":"closed","template":"","meta":[],"product_cat":[26],"product_tag":[37,73,41,103],"class_list":["post-10406","product","type-product","status-publish","hentry","product_cat-pecas","product_tag-37","product_tag-fiat","product_tag-gasoline","product_tag-usado"],"_links":{"self":[{"href":"https:\/\/bracarvfv.foguetao-maquetes.pt\/wp\/wp-json\/wp\/v2\/product\/10406","targetHints":{"allow":["GET"]}}],"collection":[{"href":"https:\/\/bracarvfv.foguetao-maquetes.pt\/wp\/wp-json\/wp\/v2\/product"}],"about":[{"href":"https:\/\/bracarvfv.foguetao-maquetes.pt\/wp\/wp-json\/wp\/v2\/types\/product"}],"replies":[{"embeddable":true,"href":"https:\/\/bracarvfv.foguetao-maquetes.pt\/wp\/wp-json\/wp\/v2\/comments?post=10406"}],"wp:attachment":[{"href":"https:\/\/bracarvfv.foguetao-maquetes.pt\/wp\/wp-json\/wp\/v2\/media?parent=10406"}],"wp:term":[{"taxonomy":"product_cat","embeddable":true,"href":"https:\/\/bracarvfv.foguetao-maquetes.pt\/wp\/wp-json\/wp\/v2\/product_cat?post=10406"},{"taxonomy":"product_tag","embeddable":true,"href":"https:\/\/bracarvfv.foguetao-maquetes.pt\/wp\/wp-json\/wp\/v2\/product_tag?post=10406"}],"curies":[{"name":"wp","href":"https:\/\/api.w.org\/{rel}","templated":true}]}}