
{"id":10290,"date":"2023-05-04T16:10:12","date_gmt":"2023-05-04T16:10:12","guid":{"rendered":"https:\/\/bracarvfv.foguetao-maquetes.pt\/wp\/produto\/opel-corsa-b-s93-93-02-484\/"},"modified":"2023-05-08T16:21:40","modified_gmt":"2023-05-08T16:21:40","slug":"opel-corsa-b-s93-93-02-484","status":"publish","type":"product","link":"https:\/\/bracarvfv.foguetao-maquetes.pt\/wp\/produto\/opel-corsa-b-s93-93-02-484\/","title":{"rendered":"Suspens\u00e3o Tr\u00e1s Dto &#8211; OPEL CORSA B (S93) | 93 &#8211; 02"},"content":{"rendered":"<p>Suspens\u00e3o Tr\u00e1s Dto &#8211; OPEL CORSA B (S93) | 93 &#8211; 02<br \/>Gasoline<br \/>1993<\/p>\n","protected":false},"excerpt":{"rendered":"<p>Suspens\u00e3o Tr\u00e1s Dto &#8211; OPEL CORSA B (S93) | 93 &#8211; 02<br \/>Gasoline<br \/>1993<\/p>\n","protected":false},"featured_media":0,"comment_status":"open","ping_status":"closed","template":"","meta":[],"product_cat":[26],"product_tag":[50,41,38,103],"class_list":["post-10290","product","type-product","status-publish","hentry","product_cat-pecas","product_tag-50","product_tag-gasoline","product_tag-opel","product_tag-usado"],"_links":{"self":[{"href":"https:\/\/bracarvfv.foguetao-maquetes.pt\/wp\/wp-json\/wp\/v2\/product\/10290","targetHints":{"allow":["GET"]}}],"collection":[{"href":"https:\/\/bracarvfv.foguetao-maquetes.pt\/wp\/wp-json\/wp\/v2\/product"}],"about":[{"href":"https:\/\/bracarvfv.foguetao-maquetes.pt\/wp\/wp-json\/wp\/v2\/types\/product"}],"replies":[{"embeddable":true,"href":"https:\/\/bracarvfv.foguetao-maquetes.pt\/wp\/wp-json\/wp\/v2\/comments?post=10290"}],"wp:attachment":[{"href":"https:\/\/bracarvfv.foguetao-maquetes.pt\/wp\/wp-json\/wp\/v2\/media?parent=10290"}],"wp:term":[{"taxonomy":"product_cat","embeddable":true,"href":"https:\/\/bracarvfv.foguetao-maquetes.pt\/wp\/wp-json\/wp\/v2\/product_cat?post=10290"},{"taxonomy":"product_tag","embeddable":true,"href":"https:\/\/bracarvfv.foguetao-maquetes.pt\/wp\/wp-json\/wp\/v2\/product_tag?post=10290"}],"curies":[{"name":"wp","href":"https:\/\/api.w.org\/{rel}","templated":true}]}}